{"id":743,"date":"2020-01-04T11:44:09","date_gmt":"2020-01-04T11:44:09","guid":{"rendered":"http:\/\/celjecup.lxnavigation.com\/?page_id=743"},"modified":"2020-05-28T06:30:07","modified_gmt":"2020-05-28T06:30:07","slug":"prenos-download","status":"publish","type":"page","link":"https:\/\/celjecup.lxnavigation.com\/?page_id=743","title":{"rendered":"Prenos \/ Download"},"content":{"rendered":"\n<h3 class=\"wp-block-heading\">Dokumenti \/ Documents<\/h3>\n\n\n\n<ul class=\"wp-block-list\"><li><a href=\"http:\/\/celjecup.lxnavigation.com\/wp-content\/uploads\/2020\/05\/CeljeCup2020_Buletin_v3.pdf\">CeljeCup2020_Buletin_v3.pdf (English) &#8211; 26.5.2020<\/a><\/li><li><a href=\"http:\/\/celjecup.lxnavigation.com\/wp-content\/uploads\/2020\/05\/CeljeCup2020_Bilten_v3.pdf\">CeljeCup2020_Bilten_v3.pdf (Sloven\u0161\u010dina) 26.5.2020<\/a><\/li><\/ul>\n\n\n\n<h3 class=\"wp-block-heading\">Zra\u010dni prostor \/ Airspace<\/h3>\n\n\n\n<ul class=\"wp-block-list\"><li>TBA<\/li><\/ul>\n\n\n\n<h3 class=\"wp-block-heading\">Obratne to\u010dke \/ Turnpoints<\/h3>\n\n\n\n<ul class=\"wp-block-list\"><li><a href=\"http:\/\/celjecup.lxnavigation.com\/wp-content\/uploads\/2020\/01\/celjecup_2020_v1.cup\">celjecup_2020_v1.cup &#8211; 11.1.2020<\/a><\/li><\/ul>\n\n\n\n<p><\/p>\n","protected":false},"excerpt":{"rendered":"<p>Dokumenti \/ Documents CeljeCup2020_Buletin_v3.pdf (English) &#8211; 26.5.2020 CeljeCup2020_Bilten_v3.pdf (Sloven\u0161\u010dina) 26.5.2020 Zra\u010dni prostor \/ Airspace TBA Obratne to\u010dke \/ Turnpoints celjecup_2020_v1.cup &#8211; 11.1.2020<\/p>\n","protected":false},"author":1,"featured_media":0,"parent":0,"menu_order":0,"comment_status":"closed","ping_status":"closed","template":"","meta":{"footnotes":""},"class_list":["post-743","page","type-page","status-publish","hentry"],"_links":{"self":[{"href":"https:\/\/celjecup.lxnavigation.com\/index.php?rest_route=\/wp\/v2\/pages\/743","targetHints":{"allow":["GET"]}}],"collection":[{"href":"https:\/\/celjecup.lxnavigation.com\/index.php?rest_route=\/wp\/v2\/pages"}],"about":[{"href":"https:\/\/celjecup.lxnavigation.com\/index.php?rest_route=\/wp\/v2\/types\/page"}],"author":[{"embeddable":true,"href":"https:\/\/celjecup.lxnavigation.com\/index.php?rest_route=\/wp\/v2\/users\/1"}],"replies":[{"embeddable":true,"href":"https:\/\/celjecup.lxnavigation.com\/index.php?rest_route=%2Fwp%2Fv2%2Fcomments&post=743"}],"version-history":[{"count":10,"href":"https:\/\/celjecup.lxnavigation.com\/index.php?rest_route=\/wp\/v2\/pages\/743\/revisions"}],"predecessor-version":[{"id":1010,"href":"https:\/\/celjecup.lxnavigation.com\/index.php?rest_route=\/wp\/v2\/pages\/743\/revisions\/1010"}],"wp:attachment":[{"href":"https:\/\/celjecup.lxnavigation.com\/index.php?rest_route=%2Fwp%2Fv2%2Fmedia&parent=743"}],"curies":[{"name":"wp","href":"https:\/\/api.w.org\/{rel}","templated":true}]}}