{"id":720,"date":"2020-01-04T10:37:07","date_gmt":"2020-01-04T10:37:07","guid":{"rendered":"http:\/\/celjecup.lxnavigation.com\/?page_id=720"},"modified":"2020-01-04T10:37:07","modified_gmt":"2020-01-04T10:37:07","slug":"pogoji-registracije-na-tekmovanju-terms-of-registration","status":"publish","type":"page","link":"https:\/\/celjecup.lxnavigation.com\/?page_id=720","title":{"rendered":"Pogoji registracije na tekmovanju \/ Terms of registration"},"content":{"rendered":"\n<p>Prijavljen pilot izjavljam, v svojem imenu in imenu pomo\u010dnika (-ov), da sem seznanjen s pravili tekmovanja in da se udele\u017eujem tekmovanja na lastno odgovornost. Hkrati sogla\u0161am s tem, da Aeroklub letalska \u0161ola Celje zgoraj navedene osebne podatke obdeluje v skladu s Splo\u0161no uredbo EU o varstvu podatkov (GDPR) in z Zakonom o varovanju osebnih podatkov, za namen organizacije ter izvedbe tekmovanja, vklju\u010dno z obve\u0161\u010danjem javnosti o tekmovanju. Dovoljujem tudi fotografiranje in video-snemanje, ter objavo tako posnetega materiala na spletnih straneh tekmovanja. <\/p>\n\n\n\n<p>I hereby declare in my own name and in the name of my aids, that I am familiar with the contest rules and that I am participating in the contest at my own personal responsibility. Also, I declare I give consent to Aeroklub letalska \u0161ola Celje to use my personal data according to the EU General Data Protection Regulation (GDPR) and the Slovenian Personal Data Protection Act for the purpose of organizing and executing the competition, including informing the public about the competition. I also give consent for taking photographs and video and for publications of such material on web pages of the competition <\/p>\n","protected":false},"excerpt":{"rendered":"<p>Prijavljen pilot izjavljam, v svojem imenu in imenu pomo\u010dnika (-ov), da sem seznanjen s pravili tekmovanja in da se udele\u017eujem tekmovanja na lastno odgovornost. Hkrati sogla\u0161am s tem, da Aeroklub letalska \u0161ola Celje zgoraj navedene osebne podatke obdeluje v skladu s Splo\u0161no uredbo EU o varstvu podatkov (GDPR) in z Zakonom o varovanju osebnih podatkov, &hellip; <\/p>\n","protected":false},"author":1,"featured_media":0,"parent":0,"menu_order":0,"comment_status":"closed","ping_status":"closed","template":"","meta":{"footnotes":""},"class_list":["post-720","page","type-page","status-publish","hentry"],"_links":{"self":[{"href":"https:\/\/celjecup.lxnavigation.com\/index.php?rest_route=\/wp\/v2\/pages\/720","targetHints":{"allow":["GET"]}}],"collection":[{"href":"https:\/\/celjecup.lxnavigation.com\/index.php?rest_route=\/wp\/v2\/pages"}],"about":[{"href":"https:\/\/celjecup.lxnavigation.com\/index.php?rest_route=\/wp\/v2\/types\/page"}],"author":[{"embeddable":true,"href":"https:\/\/celjecup.lxnavigation.com\/index.php?rest_route=\/wp\/v2\/users\/1"}],"replies":[{"embeddable":true,"href":"https:\/\/celjecup.lxnavigation.com\/index.php?rest_route=%2Fwp%2Fv2%2Fcomments&post=720"}],"version-history":[{"count":1,"href":"https:\/\/celjecup.lxnavigation.com\/index.php?rest_route=\/wp\/v2\/pages\/720\/revisions"}],"predecessor-version":[{"id":721,"href":"https:\/\/celjecup.lxnavigation.com\/index.php?rest_route=\/wp\/v2\/pages\/720\/revisions\/721"}],"wp:attachment":[{"href":"https:\/\/celjecup.lxnavigation.com\/index.php?rest_route=%2Fwp%2Fv2%2Fmedia&parent=720"}],"curies":[{"name":"wp","href":"https:\/\/api.w.org\/{rel}","templated":true}]}}