{"id":40,"date":"2018-10-04T09:45:13","date_gmt":"2018-10-04T09:45:13","guid":{"rendered":"https:\/\/demo.raratheme.com\/the-conference-pro\/?page_id=40"},"modified":"2020-01-25T09:29:17","modified_gmt":"2020-01-25T09:29:17","slug":"about-the-event","status":"publish","type":"page","link":"https:\/\/celjecup.lxnavigation.com\/?page_id=40","title":{"rendered":"XXIX. Dr\u017eavno prvenstvo Slovenije v jadralnem letenju &#038; Celje CUP 2020"},"content":{"rendered":"<p>Spo\u0161tovani !<\/p>\n<p>XXIX. dr\u017eavno prvenstvo Slovenije v jadralnem letenju za klubski, 15m me\u0161ani, odprti razred in mednarodno odprto prvenstvo za pokal Celje Cup bo letos organiziral Aeroklub letalska \u0161ola Celje, pod okriljem Letalske zveze Slovenije.<\/p>\n<p>Tekmovanje je mednarodnega zna\u010daja, odprtega tipa in bo potekalo na letali\u0161\u010du Celje (LJCL).<\/p>\n<p>Ve\u010d informacij najdete v uradnem biltenu tekmovanja.<\/p>\n","protected":false},"excerpt":{"rendered":"<p>Spo\u0161tovani ! XXIX. dr\u017eavno prvenstvo Slovenije v jadralnem letenju za klubski, 15m me\u0161ani, odprti razred in mednarodno odprto prvenstvo za pokal Celje Cup bo letos organiziral Aeroklub letalska \u0161ola Celje, pod okriljem Letalske zveze Slovenije. Tekmovanje je mednarodnega zna\u010daja, odprtega tipa in bo potekalo na letali\u0161\u010du Celje (LJCL). Ve\u010d informacij najdete v uradnem biltenu tekmovanja.<\/p>\n","protected":false},"author":1,"featured_media":684,"parent":0,"menu_order":0,"comment_status":"closed","ping_status":"closed","template":"","meta":{"footnotes":""},"class_list":["post-40","page","type-page","status-publish","has-post-thumbnail","hentry"],"_links":{"self":[{"href":"https:\/\/celjecup.lxnavigation.com\/index.php?rest_route=\/wp\/v2\/pages\/40","targetHints":{"allow":["GET"]}}],"collection":[{"href":"https:\/\/celjecup.lxnavigation.com\/index.php?rest_route=\/wp\/v2\/pages"}],"about":[{"href":"https:\/\/celjecup.lxnavigation.com\/index.php?rest_route=\/wp\/v2\/types\/page"}],"author":[{"embeddable":true,"href":"https:\/\/celjecup.lxnavigation.com\/index.php?rest_route=\/wp\/v2\/users\/1"}],"replies":[{"embeddable":true,"href":"https:\/\/celjecup.lxnavigation.com\/index.php?rest_route=%2Fwp%2Fv2%2Fcomments&post=40"}],"version-history":[{"count":7,"href":"https:\/\/celjecup.lxnavigation.com\/index.php?rest_route=\/wp\/v2\/pages\/40\/revisions"}],"predecessor-version":[{"id":850,"href":"https:\/\/celjecup.lxnavigation.com\/index.php?rest_route=\/wp\/v2\/pages\/40\/revisions\/850"}],"wp:featuredmedia":[{"embeddable":true,"href":"https:\/\/celjecup.lxnavigation.com\/index.php?rest_route=\/wp\/v2\/media\/684"}],"wp:attachment":[{"href":"https:\/\/celjecup.lxnavigation.com\/index.php?rest_route=%2Fwp%2Fv2%2Fmedia&parent=40"}],"curies":[{"name":"wp","href":"https:\/\/api.w.org\/{rel}","templated":true}]}}